{"id":3658,"date":"2023-04-29T08:40:23","date_gmt":"2023-04-29T08:40:23","guid":{"rendered":"https:\/\/kunictravel.com\/?page_id=3658"},"modified":"2023-05-05T10:38:08","modified_gmt":"2023-05-05T10:38:08","slug":"auto-skola-zoka-prijedor","status":"publish","type":"page","link":"http:\/\/kunictravel.com\/en\/auto-skola-zoka-prijedor\/","title":{"rendered":"Auto \u0161kola Zoka Prijedor"},"content":{"rendered":"<div class=\"wpb-content-wrapper\"><div class=\"vc_row wpb_row vc_row-fluid\" ><div class=\"wpb_column vc_column_container vc_col-sm-12\"><div class=\"vc_column-inner\"><div class=\"wpb_wrapper\">\n\t<div class=\"wpb_text_column wpb_content_element\" >\n\t\t<div class=\"wpb_wrapper\">\n\t\t\t<h3>Auto \u0161kola Zoka Prijedor<\/h3>\n<p>Da uprostimo &#8211; volimo ono \u0161to radimo i zato jesmo najbolji. Ne stagniramo, ve\u0107 se stalno razvijamo i u\u010dimo, zato vam i jesmo najpovoljnije i najsigurnije uslove za obuku svih kategorija. Takvu poslovnu politiku njegujemo jo\u0161 od 1996.godine.<\/p>\n<div class=\"tdm_block td_block_wrap tdm_block_column_title tdi_69_b44 tdm-content-horiz-left td-pb-border-top td_block_template_1\" data-td-block-uid=\"tdi_69_b44\">\n<div class=\"td-block-row\">\n<div class=\"td-block-span12 tdm-col\">\n<div class=\"tds-title tds-title1 td-fix-index tdi_70_4bc\">\n<p class=\"tdm-title tdm-title-md\">U proteklom razdoblju postali smo jedna od najuspje\u0161nijih auto\u0161kola na podru\u010dju grada Prijedora sa odli\u010dnim rezultatima prolaznosti \u0161to potvr\u0111uje vi\u0161e hiljada zadovoljnih polaznika.<\/p>\n<\/div>\n<\/div>\n<\/div>\n<\/div>\n<div class=\"wpb_wrapper wpb_text_column td_block_wrap td_block_wrap vc_column_text tdi_71_6f6 tagdiv-type td-pb-border-top td_block_template_1\" data-td-block-uid=\"tdi_71_6f6\">\n<div class=\"td-fix-index\">\n<p>U tome su nam pomogli na\u0161i pa\u017eljivo odabrani zaposlenici koji se poslom osposobljavanja bave dugi niz godina (voditelj i predava\u010d s preko 25 godina radnog iskustva u osposobljavanju kandidata za voza\u010de), koji prilikom zapo\u0161ljavanja prolaze zahtjevna testiranja.<\/p>\n<div id=\"attachment_3682\" style=\"width: 510px\" class=\"wp-caption alignleft\"><img decoding=\"async\" aria-describedby=\"caption-attachment-3682\" class=\"wp-image-3682 size-full\" src=\"https:\/\/kunictravel.com\/wp-content\/uploads\/2023\/05\/Auto-Skola-Zoka-1.jpg\" alt=\"Auto \u0161kola Zoka Prijedor\" width=\"500\" height=\"400\" srcset=\"https:\/\/kunictravel.com\/wp-content\/uploads\/2023\/05\/Auto-Skola-Zoka-1.jpg 500w, https:\/\/kunictravel.com\/wp-content\/uploads\/2023\/05\/Auto-Skola-Zoka-1-300x240.jpg 300w, https:\/\/kunictravel.com\/wp-content\/uploads\/2023\/05\/Auto-Skola-Zoka-1-15x12.jpg 15w\" sizes=\"(max-width: 500px) 100vw, 500px\" \/><p id=\"caption-attachment-3682\" class=\"wp-caption-text\">Auto \u0161kola Zoka Prijedor<\/p><\/div>\n<p><img decoding=\"async\" class=\"alignnone wp-image-3688 size-full\" src=\"https:\/\/kunictravel.com\/wp-content\/uploads\/2023\/05\/Auto-skola-Zoka-Prijedor-Kabinet.jpg\" alt=\"Auto \u0161kola Zoka Prijedor Kabinet\" width=\"500\" height=\"400\" srcset=\"https:\/\/kunictravel.com\/wp-content\/uploads\/2023\/05\/Auto-skola-Zoka-Prijedor-Kabinet.jpg 500w, https:\/\/kunictravel.com\/wp-content\/uploads\/2023\/05\/Auto-skola-Zoka-Prijedor-Kabinet-300x240.jpg 300w, https:\/\/kunictravel.com\/wp-content\/uploads\/2023\/05\/Auto-skola-Zoka-Prijedor-Kabinet-15x12.jpg 15w\" sizes=\"(max-width: 500px) 100vw, 500px\" \/><\/p>\n<p>Auto \u0161kola Zoka Prijedor\u00a0 &#8211; Kabinet<\/p>\n<p>&nbsp;<\/p>\n<p>Mo\u017eemo se pohvaliti moderno opremljenim kabinetom u kojem se poha\u0111a nastava iz Saobra\u0107ajnih propisa i pravila, modernim i novim vozilima koji slu\u017ee za obuku voza\u010da A1, A2, A i B kategorije.<\/p>\n<p>Ukoliko tra\u017eite auto\u0161kolu u kojoj \u017eelite brzo, kvalitetno i sigurno nau\u010diti upravljati motornim vozilom A1, A2, A i B kategorije, Auto \u0161kola Zoka Prijedor\u00a0je idealni partner za to zbog svog kvalitetnog kadra, vrhunski opremljenog prostora, te novih i modernih vozila koji slu\u017ee za obuku.<\/p>\n<p>Razloga je vi\u0161e:<\/p>\n<\/div>\n<ul>\n<li>Dugogodi\u0161nje uspje\u0161no iskustvo<\/li>\n<li>Najni\u017ee zakonom propisane cijene<\/li>\n<li>Ubrzana obuka u najkra\u0107em zakonskom roku<\/li>\n<li>Obuka na najmodernijim vozilima<\/li>\n<li>Kvalitetan stru\u010dni kadar<\/li>\n<li>Ista cijena obuke bez obzira na na\u010din pla\u0107anja<\/li>\n<li>Mogu\u0107nost pla\u0107anja gotovinom na rate i kreditnim karticama do 60 rata<\/li>\n<li>Obuka u prijepodnevnim i poslijepodnevnim terminima<\/li>\n<li>Osigurana sva potrebna literatura i predispitni testovi<\/li>\n<li>Pla\u0107anje na rate<\/li>\n<li><a href=\"http:\/\/www.esrpska.com\/contentpage.aspx?kat_id=2c3afcc6-22a3-46db-9247-e5ed0a45c6c3&amp;podkat_id=d9ef987e-960d-4eed-9621-08b5e2cce26e&amp;page_id=16\">Sve kategorije motornih vozila<\/a><\/li>\n<\/ul>\n<p><strong>U Auto \u0161kola Zoka Prijedor mo\u017eete polo\u017eiti AM, A1, A2, A, B, C, CE i D kategorije<\/strong>.<\/p>\n<p>Voza\u010dka dozvola izdaje se za upravljanje vozilima koja su svrstana u: AM, A1, A2, A, B, B E, C1, C1 E, C, C E, D1, D1 E, D, D E, F, G i H kategorije vozila.<\/p>\n<p>Pored auto \u0161kole u na\u0161em vlasni\u0161tvu je i turisti\u010dka agencija <strong><a href=\"http:\/\/www.kunictravel.com\">Kuni\u0107 Travel.<\/a><\/strong><\/p>\n<\/div>\n<p>O\u010dekujemo vas!<\/p>\n<p>Dobrodo\u0161li!<\/p>\n\n\t\t<\/div>\n\t<\/div>\n<div class=\"ult-spacer spacer-69e0700f2b1d1\" data-id=\"69e0700f2b1d1\" data-height=\"40\" data-height-mobile=\"40\" data-height-tab=\"40\" data-height-tab-portrait=\"\" data-height-mobile-landscape=\"\" style=\"clear:both;display:block;\"><\/div><\/div><\/div><\/div><\/div><div class=\"vc_row wpb_row vc_row-fluid\" ><div class=\"wpb_column vc_column_container vc_col-sm-3\"><div class=\"vc_column-inner\"><div class=\"wpb_wrapper\"><div class=\"stats-block stats-top\"><div class=\"aio-icon-top\"><div class=\"ult-just-icon-wrapper\"><div class=\"align-icon\" style=\"text-align:center;\">\n<div class=\"aio-icon none\"  style=\"color:#333333;font-size:32px;display:inline-block;\">\n\t<i class=\"Defaults-group users\"><\/i>\n<\/div><\/div><\/div><\/div><div class=\"stats-desc\" id=\"counter-responsv-wrap-5909\"><div id=\"counter_369088050169e0700f2b99c\" data-id=\"counter_369088050169e0700f2b99c\"  data-ultimate-target='#counter-responsv-wrap-5909 .stats-number'  data-responsive-json-new='{\"font-size\":\"\",\"line-height\":\"\"}'  class=\"stats-number ult-responsive\" style=\"font-size:28px;  \" data-speed=\"3\" data-counter-value=\"1250\" data-separator=\",\" data-decimal=\".\">0<\/div><div id=\"counter_369088050169e0700f2b99c\"  data-ultimate-target='#counter-responsv-wrap-5909 .stats-text'  data-responsive-json-new='{\"font-size\":\"\",\"line-height\":\"\"}'  class=\"stats-text ult-responsive\" style=\"font-size:18px;  \">Uspje\u0161no obu\u010denih polaznika<\/div><\/div><\/div><\/div><\/div><\/div><div class=\"wpb_column vc_column_container vc_col-sm-3\"><div class=\"vc_column-inner\"><div class=\"wpb_wrapper\"><div class=\"stats-block stats-top\"><div class=\"aio-icon-top\"><div class=\"ult-just-icon-wrapper\"><div class=\"align-icon\" style=\"text-align:center;\">\n<div class=\"aio-icon none\"  style=\"color:#333333;font-size:32px;display:inline-block;\">\n\t<i class=\"Defaults-automobile car\"><\/i>\n<\/div><\/div><\/div><\/div><div class=\"stats-desc\" id=\"counter-responsv-wrap-4824\"><div id=\"counter_202408496969e0700f2bbcf\" data-id=\"counter_202408496969e0700f2bbcf\"  data-ultimate-target='#counter-responsv-wrap-4824 .stats-number'  data-responsive-json-new='{\"font-size\":\"\",\"line-height\":\"\"}'  class=\"stats-number ult-responsive\" style=\"font-size:28px;  \" data-speed=\"3\" data-counter-value=\"5\" data-separator=\",\" data-decimal=\".\">0<\/div><div id=\"counter_202408496969e0700f2bbcf\"  data-ultimate-target='#counter-responsv-wrap-4824 .stats-text'  data-responsive-json-new='{\"font-size\":\"\",\"line-height\":\"\"}'  class=\"stats-text ult-responsive\" style=\"font-size:18px;  \">Vozila za obu\u010davanje<\/div><\/div><\/div><\/div><\/div><\/div><div class=\"wpb_column vc_column_container vc_col-sm-3\"><div class=\"vc_column-inner\"><div class=\"wpb_wrapper\"><div class=\"stats-block stats-top\"><div class=\"aio-icon-top\"><div class=\"ult-just-icon-wrapper\"><div class=\"align-icon\" style=\"text-align:center;\">\n<div class=\"aio-icon none\"  style=\"color:#333333;font-size:32px;display:inline-block;\">\n\t<i class=\"Defaults-calendar\"><\/i>\n<\/div><\/div><\/div><\/div><div class=\"stats-desc\" id=\"counter-responsv-wrap-9237\"><div id=\"counter_280686328469e0700f2bddc\" data-id=\"counter_280686328469e0700f2bddc\"  data-ultimate-target='#counter-responsv-wrap-9237 .stats-number'  data-responsive-json-new='{\"font-size\":\"\",\"line-height\":\"\"}'  class=\"stats-number ult-responsive\" style=\"font-size:28px;  \" data-speed=\"3\" data-counter-value=\"20\" data-separator=\",\" data-decimal=\".\">0<\/div><div id=\"counter_280686328469e0700f2bddc\"  data-ultimate-target='#counter-responsv-wrap-9237 .stats-text'  data-responsive-json-new='{\"font-size\":\"\",\"line-height\":\"\"}'  class=\"stats-text ult-responsive\" style=\"font-size:18px;  \">Godina iskustva<\/div><\/div><\/div><\/div><\/div><\/div><div class=\"wpb_column vc_column_container vc_col-sm-3\"><div class=\"vc_column-inner\"><div class=\"wpb_wrapper\"><div class=\"stats-block stats-top\"><div class=\"aio-icon-top\"><div class=\"ult-just-icon-wrapper\"><div class=\"align-icon\" style=\"text-align:center;\">\n<div class=\"aio-icon none\"  style=\"color:#333333;font-size:32px;display:inline-block;\">\n\t<i class=\"Defaults-leanpub\"><\/i>\n<\/div><\/div><\/div><\/div><div class=\"stats-desc\" id=\"counter-responsv-wrap-7324\"><div id=\"counter_313493265269e0700f2bfc8\" data-id=\"counter_313493265269e0700f2bfc8\"  data-ultimate-target='#counter-responsv-wrap-7324 .stats-number'  data-responsive-json-new='{\"font-size\":\"\",\"line-height\":\"\"}'  class=\"stats-number ult-responsive\" style=\"font-size:28px;  \" data-speed=\"3\" data-counter-value=\"4\" data-separator=\",\" data-decimal=\".\">0<\/div><div id=\"counter_313493265269e0700f2bfc8\"  data-ultimate-target='#counter-responsv-wrap-7324 .stats-text'  data-responsive-json-new='{\"font-size\":\"\",\"line-height\":\"\"}'  class=\"stats-text ult-responsive\" style=\"font-size:18px;  \">Nastavnika<\/div><\/div><\/div><\/div><\/div><\/div><\/div><div class=\"vc_row wpb_row vc_row-fluid\" ><div class=\"wpb_column vc_column_container vc_col-sm-12\"><div class=\"vc_column-inner\"><div class=\"wpb_wrapper\">\n\t<div class=\"wpb_video_widget wpb_content_element vc_clearfix   vc_video-aspect-ratio-169 vc_video-el-width-50 vc_video-align-center\" >\n\t\t<div class=\"wpb_wrapper\">\n\t\t\t\n\t\t\t<div class=\"wpb_video_wrapper\"><iframe title=\"AUTO\u0160KOLA ZOKA PRIJEDOR\" width=\"500\" height=\"281\" src=\"https:\/\/www.youtube.com\/embed\/sVf-epf_mVY?feature=oembed\" frameborder=\"0\" allow=\"accelerometer; autoplay; clipboard-write; encrypted-media; gyroscope; picture-in-picture; web-share\" referrerpolicy=\"strict-origin-when-cross-origin\" allowfullscreen><\/iframe><\/div>\n\t\t<\/div>\n\t<\/div>\n<\/div><\/div><\/div><\/div><div class=\"vc_row wpb_row vc_row-fluid\" ><div class=\"wpb_column vc_column_container vc_col-sm-12\"><div class=\"vc_column-inner\"><div class=\"wpb_wrapper\"><div class=\"ult-spacer spacer-69e0700f2cee1\" data-id=\"69e0700f2cee1\" data-height=\"60\" data-height-mobile=\"60\" data-height-tab=\"60\" data-height-tab-portrait=\"\" data-height-mobile-landscape=\"\" style=\"clear:both;display:block;\"><\/div><\/div><\/div><\/div><\/div><div class=\"vc_row wpb_row vc_row-fluid\" ><div class=\"wpb_column vc_column_container vc_col-sm-4\"><div class=\"vc_column-inner\"><div class=\"wpb_wrapper\"><\/div><\/div><\/div><div class=\"wpb_column vc_column_container vc_col-sm-4\"><div class=\"vc_column-inner\"><div class=\"wpb_wrapper\">\n\t<div class=\"wpb_text_column wpb_content_element vc_custom_1679905865653\" >\n\t\t<div class=\"wpb_wrapper\">\n\t\t\t<p>\nPrijedor<\/p>\n\n\t\t<\/div>\n\t<\/div>\n<div class=\"qodef-icon-list-holder\" >\n\t<div class=\"qodef-il-icon-holder\">\n\t\t<span aria-hidden=\"true\" class=\"qodef-icon-font-elegant icon_phone\" style=\"color: #f5031a;font-size: 17px\"><\/span>\t<\/div>\n\t<p class=\"qodef-il-text\" style=\"padding-left: 25px\">052 242 373, 065 600 222<\/p>\n<\/div><div class=\"qodef-iwt clearfix  qodef-iwt-icon-left qodef-iwt-icon-medium\">\n\t<div class=\"qodef-iwt-icon\">\n\t\t\t\t\t<a itemprop=\"url\" href=\"http:\/\/kunictravel@gmail.com\" target=\"_self\">\n\t\t\t\t\t\t\t\t\t    <span class=\"qodef-icon-shortcode qodef-normal   qodef-icon-medium\"  data-color=\"#f5031a\">\n                    <span aria-hidden=\"true\" class=\"qodef-icon-font-elegant icon_comment qodef-icon-element\" style=\"color: #f5031a;font-size:17px\" ><\/span>            <\/span>\n\t\t\t\t\t\t\t\t<\/a>\n\t\t\t<\/div>\n\t<div class=\"qodef-iwt-content\" >\n\t\t\t\t\t<h5 class=\"qodef-iwt-title\" style=\"color: #868585;margin-top: 6px\">\n\t\t\t\t\t\t\t\t\t<a itemprop=\"url\" href=\"http:\/\/kunictravel@gmail.com\" target=\"_self\">\n\t\t\t\t\t\t\t\t<span class=\"qodef-iwt-title-text\">kunictravel@gmail.com<\/span>\n\t\t\t\t\t\t\t\t\t<\/a>\n\t\t\t\t\t\t\t<\/h5>\n\t\t\t\t\t<\/div>\n<\/div><div class=\"vc_empty_space\"   style=\"height: 13px\"><span class=\"vc_empty_space_inner\"><\/span><\/div><div class=\"qodef-icon-list-holder\" >\n\t<div class=\"qodef-il-icon-holder\">\n\t\t<span aria-hidden=\"true\" class=\"qodef-icon-font-elegant icon_pin\" style=\"color: #f5031a;font-size: 17px\"><\/span>\t<\/div>\n\t<p class=\"qodef-il-text\" style=\"padding-left: 25px\">Svetosavska bb<\/p>\n<\/div><div class=\"vc_empty_space\"   style=\"height: 32px\"><span class=\"vc_empty_space_inner\"><\/span><\/div><\/div><\/div><\/div><div class=\"wpb_column vc_column_container vc_col-sm-4\"><div class=\"vc_column-inner\"><div class=\"wpb_wrapper\"><\/div><\/div><\/div><\/div><div class=\"wpb_column vc_column_container vc_col-sm-12\"><div class=\"vc_column-inner\"><div class=\"wpb_wrapper\"><\/div><\/div><\/div><div class=\"wpb_column vc_column_container vc_col-sm-12\"><div class=\"vc_column-inner\"><div class=\"wpb_wrapper\"><\/div><\/div><\/div><div class=\"vc_row wpb_row vc_row-fluid\" ><div class=\"wpb_column vc_column_container vc_col-sm-12\"><div class=\"vc_column-inner\"><div class=\"wpb_wrapper\"><div class=\"ult-spacer spacer-69e0700f2e4e9\" data-id=\"69e0700f2e4e9\" data-height=\"10\" data-height-mobile=\"10\" data-height-tab=\"10\" data-height-tab-portrait=\"\" data-height-mobile-landscape=\"\" style=\"clear:both;display:block;\"><\/div><\/div><\/div><\/div><\/div>\n<\/div>","protected":false},"excerpt":{"rendered":"Auto \u0161kola Zoka Prijedor Da uprostimo - volimo ono \u0161to radimo i zato jesmo najbolji. Ne stagniramo, ve\u0107 se stalno razvijamo i u\u010dimo, zato vam i jesmo najpovoljnije i najsigurnije uslove za obuku svih kategorija. Takvu poslovnu politiku njegujemo jo\u0161 [...]","protected":false},"author":1,"featured_media":0,"parent":0,"menu_order":0,"comment_status":"closed","ping_status":"closed","template":"","meta":{"footnotes":""},"class_list":["post-3658","page","type-page","status-publish","hentry"],"_links":{"self":[{"href":"http:\/\/kunictravel.com\/en\/wp-json\/wp\/v2\/pages\/3658","targetHints":{"allow":["GET"]}}],"collection":[{"href":"http:\/\/kunictravel.com\/en\/wp-json\/wp\/v2\/pages"}],"about":[{"href":"http:\/\/kunictravel.com\/en\/wp-json\/wp\/v2\/types\/page"}],"author":[{"embeddable":true,"href":"http:\/\/kunictravel.com\/en\/wp-json\/wp\/v2\/users\/1"}],"replies":[{"embeddable":true,"href":"http:\/\/kunictravel.com\/en\/wp-json\/wp\/v2\/comments?post=3658"}],"version-history":[{"count":23,"href":"http:\/\/kunictravel.com\/en\/wp-json\/wp\/v2\/pages\/3658\/revisions"}],"predecessor-version":[{"id":3690,"href":"http:\/\/kunictravel.com\/en\/wp-json\/wp\/v2\/pages\/3658\/revisions\/3690"}],"wp:attachment":[{"href":"http:\/\/kunictravel.com\/en\/wp-json\/wp\/v2\/media?parent=3658"}],"curies":[{"name":"wp","href":"https:\/\/api.w.org\/{rel}","templated":true}]}}