{"id":1060,"date":"2023-04-28T19:30:12","date_gmt":"2023-04-28T19:30:12","guid":{"rendered":"https:\/\/getaway.qodeinteractive.com\/?page_id=1060"},"modified":"2023-04-28T17:34:28","modified_gmt":"2023-04-28T17:34:28","slug":"o-nama","status":"publish","type":"page","link":"https:\/\/kunictravel.com\/en\/o-nama\/","title":{"rendered":"O nama"},"content":{"rendered":"<div class=\"wpb-content-wrapper\"><div class=\"qodef-row-grid-section-wrapper\"  ><div class=\"qodef-row-grid-section\"><div class=\"vc_row wpb_row vc_row-fluid vc_row-o-content-middle vc_row-flex\" ><div class=\"wpb_column vc_column_container vc_col-sm-12\"><div class=\"vc_column-inner\"><div class=\"wpb_wrapper\"><div class=\"qodef-elements-holder   qodef-two-columns  qodef-responsive-mode-1024\" ><div class=\"qodef-eh-item\"  data-item-class=\"qodef-eh-custom-3144\" data-768-1024=\"67px 38px 40px 0\" data-680-768=\"67px 0 40px 0\" data-680=\"67px 0 40px 0\">\n\t<div class=\"qodef-eh-item-inner\">\n\t\t<div class=\"qodef-eh-item-content qodef-eh-custom-3144\" style=\"padding: 67px 38px 92px 0\">\n\t\t\t\n\t<div class=\"wpb_text_column wpb_content_element\" >\n\t\t<div class=\"wpb_wrapper\">\n\t\t\t<h3 style=\"font-size: 25px; margin-bottom: -8px;\"><b>O nama<\/b><\/h3>\n<p><em><span class=\"change-second-color\" style=\"color: #f5031a; font-family: Montserrat;\">O nama &#8211;\u00a0 kratkim crtama&#8230;<\/span><\/em><\/p>\n<p>Turisti\u010dka agencija &#8220;Kuni\u0107 Travel&#8221; je mlada agencija nastala kao poslovno pro\u0161irenje firmi &#8220;<strong><a href=\"http:\/\/www.kunictravel.com\/kunic-company\">Kuni\u0107 Company&#8221;<\/a><\/strong> i &#8220;<strong><a href=\"http:\/\/www.kunictravel.com\/autoskola-zoka\">Auto \u0161kola Zoka&#8221;<\/a><\/strong>.<br \/>\nIz godine u godinu i svakim novim korakom agencija pro\u0161iruje svoju djelatnost, konstantno osavremenjuje i unaprije\u0111uje\u00a0 svoju ponudu i ide u korak sa vode\u0107im evropskim agencijama.<\/p>\n<p>Poslovnost, profesionalizam, te ste\u010deno povjerenje kod klijenata i pra\u0107enje njihovih afinitete te\u00a0 potpunog servisiranja etabliralo je agenciju u poznati brend, pogotovo na podru\u010dju grada Prijedora i Krajine.<\/p>\n<p>Posebno povjerenje koje u\u017eivamo rezultiralo je da postanemo ovla\u0161teni agenti za prodaju turisti\u010dkih aran\u017emana turoperatora kao \u0161to su: Kontiki, Generalturist, R-TOURS, MSC Cruises, Eurojet, Filip Travel, Atlas Airtours, Uniline, Argus Tours. Pored inostranih partnera za rezervaciju hotela koristimo GO global rezervacioni sistem i Transhotel rezervacioni sistem.<\/p>\n<p>S velikim uspjehim nudimo ove vrste usluga:<\/p>\n<ul>\n<li><strong>Prodaja avio karata i organizacija transfera sa i do aerodroma<\/strong><\/li>\n<li><strong>Rezervacija hotela u zemlji i inostranstvu<\/strong><\/li>\n<li><strong>Turisti\u010dke aran\u017emane \u2013 grupne i individualne \u2013 \u0161irom svijeta<\/strong><\/li>\n<li><strong>Zimovanja i ljetovanja<\/strong><\/li>\n<li><strong>Organizacija \u0111a\u010dkih ekskurzija i \u0161kola u prirodi<\/strong><\/li>\n<li><strong>Krstarenja <a href=\"https:\/\/bs.wikipedia.org\/wiki\/Sredozemlje\">Mediteranom<\/a>, prekookeanska krstarenja i krstarenja rije\u010dnim brodovima<\/strong><\/li>\n<li><strong>Interkontinentalna putovanja<\/strong><\/li>\n<li><strong>\u0160kole stranih jezika<\/strong><\/li>\n<li><strong>Wellness programe<\/strong><\/li>\n<li><strong>Organizacija fudbalskih kampova<\/strong><\/li>\n<li><strong>Jednodnevni izleti<\/strong><\/li>\n<li><strong>Vikend putovanja<\/strong><\/li>\n<\/ul>\n<p>Dvadeset godina iskustva i povjerenja sa na\u0161im klijentima garantuje vam uslugu na visini zadatka, a to je vrhunski odmor i nezaboravno u\u017eivanje gdje god da \u017eelite putovati. Posjetite jednu od na\u0161ih poslovnica u Prijedoru ili Banja Luci i rado \u0107emo vam predlo\u017eiti neku od atraktivnih destinacija koja \u0107e vam ostati u pam\u0107enju a istovremeno ne\u0107e biti optere\u0107enje za va\u0161 ku\u0107ni bud\u017eet. Na\u0161i visoko luksuzni autobusi i iskusni voza\u010di upotpuni\u0107e va\u0161 do\u017eivljaj.<\/p>\n<p>\u017delimo znati i razumijeti potrebe svakog putnika. Dan za danom se trudimo kreirati putovanja koja \u0107e vam pru\u017eiti najljep\u0161e do\u017eivljaje jer smo svjesni da je va\u0161e vrijeme koje odvajate za putovanja dragocjeno. Na\u0161i savjetnici \u0107e vam preporu\u010diti putovanje ili odmor po va\u0161im \u017eeljama. Za va\u0161u potpunu udobnost pobrinuti \u0107e na\u0161i organizatori putovanja i vodi\u010di koji \u0107e vam svojim \u0161irokim znanjem, bogatim iskustvom, profesionalno\u0161\u0107u, dobrim raspolo\u017eenjem i otvoreno\u0161\u0107u pomo\u0107i da na pravi na\u010din do\u017eivite destinaciju. Uvijek se trude stvoriti pozitivnu atmosferu unutar grupe i povezati putnike. Kuni\u0107 Traveli odmori otkrivaju najljep\u0161e i najkreativnije u \u010dovjeku.<\/p>\n<p>O\u010dekujemo vas! Dobrodo\u0161li<\/p>\n\n\t\t<\/div>\n\t<\/div>\n\t\t<\/div>\n\t<\/div>\n\t<\/div><div class=\"qodef-eh-item\"  data-item-class=\"qodef-eh-custom-9219\" data-1280-1600=\"7px 0 0\" data-1024-1280=\"7px 0 0\" data-768-1024=\"7px 0 75px\" data-680-768=\"7px 0 82px\" data-680=\"7px 0 84px\">\n\t<div class=\"qodef-eh-item-inner\">\n\t\t<div class=\"qodef-eh-item-content qodef-eh-custom-9219\" style=\"padding: 7px 0 0\">\n\t\t\t<div class=\"qodef-progress-bar\">\n\t<h4 class=\"qodef-pb-title-holder\" style=\"color: #000000\">\n\t\t<span class=\"qodef-pb-title\">Povjerenje<\/span>\n\t\t<span class=\"qodef-pb-percent\">0<\/span>\n\t<\/h4>\n\t<div class=\"qodef-pb-content-holder\" style=\"background-color: #ebebeb\">\n\t\t<div data-percentage=\"97\" class=\"qodef-pb-content\" style=\"background-color: #2f2f2f\"><\/div>\n\t<\/div>\n<\/div><div class=\"qodef-progress-bar\">\n\t<h4 class=\"qodef-pb-title-holder\" style=\"color: #000000\">\n\t\t<span class=\"qodef-pb-title\">Profesionalizam<\/span>\n\t\t<span class=\"qodef-pb-percent\">0<\/span>\n\t<\/h4>\n\t<div class=\"qodef-pb-content-holder\" style=\"background-color: #ebebeb\">\n\t\t<div data-percentage=\"95\" class=\"qodef-pb-content\" style=\"background-color: #2f2f2f\"><\/div>\n\t<\/div>\n<\/div><div class=\"qodef-progress-bar\">\n\t<h4 class=\"qodef-pb-title-holder\" style=\"color: #000000\">\n\t\t<span class=\"qodef-pb-title\">Uslu\u017enost<\/span>\n\t\t<span class=\"qodef-pb-percent\">0<\/span>\n\t<\/h4>\n\t<div class=\"qodef-pb-content-holder\" style=\"background-color: #ebebeb\">\n\t\t<div data-percentage=\"98\" class=\"qodef-pb-content\" style=\"background-color: #2f2f2f\"><\/div>\n\t<\/div>\n<\/div><div class=\"qodef-progress-bar\">\n\t<h4 class=\"qodef-pb-title-holder\" style=\"color: #000000\">\n\t\t<span class=\"qodef-pb-title\">Sve vrste transporta<\/span>\n\t\t<span class=\"qodef-pb-percent\">0<\/span>\n\t<\/h4>\n\t<div class=\"qodef-pb-content-holder\" style=\"background-color: #ebebeb\">\n\t\t<div data-percentage=\"94\" class=\"qodef-pb-content\" style=\"background-color: #2f2f2f\"><\/div>\n\t<\/div>\n<\/div>\t\t<\/div>\n\t<\/div>\n\t<\/div><\/div><\/div><\/div><\/div><\/div><\/div><\/div><div class=\"qodef-row-grid-section-wrapper\"  style=\"background-color:#f6f6f6\"><div class=\"qodef-row-grid-section\"><div class=\"vc_row wpb_row vc_row-fluid vc_custom_1504797490817\" ><div class=\"wpb_column vc_column_container vc_col-sm-6 vc_col-lg-3 vc_col-md-6 vc_col-xs-12\"><div class=\"vc_column-inner\"><div class=\"wpb_wrapper\"><\/div><\/div><\/div><div class=\"wpb_column vc_column_container vc_col-sm-6 vc_col-lg-3 vc_col-md-6 vc_col-xs-12\"><div class=\"vc_column-inner\"><div class=\"wpb_wrapper\">\n\t<div class=\"wpb_text_column wpb_content_element vc_custom_1679905865653\" >\n\t\t<div class=\"wpb_wrapper\">\n\t\t\t<h4>Prijedor<\/h4>\n\n\t\t<\/div>\n\t<\/div>\n<div class=\"qodef-icon-list-holder\" >\n\t<div class=\"qodef-il-icon-holder\">\n\t\t<span aria-hidden=\"true\" class=\"qodef-icon-font-elegant icon_phone\" style=\"color: #f5031a;font-size: 17px\"><\/span>\t<\/div>\n\t<p class=\"qodef-il-text\" style=\"padding-left: 25px\">052 242 737, 065 600 222<\/p>\n<\/div><div class=\"qodef-iwt clearfix  qodef-iwt-icon-left qodef-iwt-icon-medium\">\n\t<div class=\"qodef-iwt-icon\">\n\t\t\t\t\t<a itemprop=\"url\" href=\"http:\/\/kunictravelpd@gmail.com\" target=\"_self\">\n\t\t\t\t\t\t\t\t\t    <span class=\"qodef-icon-shortcode qodef-normal   qodef-icon-medium\"  data-color=\"#f5031a\">\n                    <span aria-hidden=\"true\" class=\"qodef-icon-font-elegant icon_comment qodef-icon-element\" style=\"color: #f5031a;font-size:17px\" ><\/span>            <\/span>\n\t\t\t\t\t\t\t\t<\/a>\n\t\t\t<\/div>\n\t<div class=\"qodef-iwt-content\" >\n\t\t\t\t\t<h5 class=\"qodef-iwt-title\" style=\"color: #868585;margin-top: 6px\">\n\t\t\t\t\t\t\t\t\t<a itemprop=\"url\" href=\"http:\/\/kunictravelpd@gmail.com\" target=\"_self\">\n\t\t\t\t\t\t\t\t<span class=\"qodef-iwt-title-text\">kunictravelpd@gmail.com<\/span>\n\t\t\t\t\t\t\t\t\t<\/a>\n\t\t\t\t\t\t\t<\/h5>\n\t\t\t\t\t<\/div>\n<\/div><div class=\"vc_empty_space\"   style=\"height: 13px\"><span class=\"vc_empty_space_inner\"><\/span><\/div><div class=\"qodef-icon-list-holder\" >\n\t<div class=\"qodef-il-icon-holder\">\n\t\t<span aria-hidden=\"true\" class=\"qodef-icon-font-elegant icon_pin\" style=\"color: #f5031a;font-size: 17px\"><\/span>\t<\/div>\n\t<p class=\"qodef-il-text\" style=\"padding-left: 25px\">Ugao ulica Svetosavske i Usko\u010dke bb<\/p>\n<\/div><div class=\"vc_empty_space\"   style=\"height: 32px\"><span class=\"vc_empty_space_inner\"><\/span><\/div><\/div><\/div><\/div><div class=\"wpb_column vc_column_container vc_col-sm-6 vc_col-lg-3 vc_col-md-6 vc_col-xs-12\"><div class=\"vc_column-inner\"><div class=\"wpb_wrapper\">\n\t<div class=\"wpb_text_column wpb_content_element vc_custom_1679906000484\" >\n\t\t<div class=\"wpb_wrapper\">\n\t\t\t<h4>Banja Luka<\/h4>\n\n\t\t<\/div>\n\t<\/div>\n<div class=\"qodef-icon-list-holder\" >\n\t<div class=\"qodef-il-icon-holder\">\n\t\t<span aria-hidden=\"true\" class=\"qodef-icon-font-elegant icon_phone\" style=\"color: #f5031a;font-size: 17px\"><\/span>\t<\/div>\n\t<p class=\"qodef-il-text\" style=\"padding-left: 25px\">066 600 444<\/p>\n<\/div><div class=\"qodef-iwt clearfix  qodef-iwt-icon-left qodef-iwt-icon-medium\">\n\t<div class=\"qodef-iwt-icon\">\n\t\t\t\t\t<a itemprop=\"url\" href=\"http:\/\/kunictravelbl@gmail.com\" target=\"_self\">\n\t\t\t\t\t\t\t\t\t    <span class=\"qodef-icon-shortcode qodef-normal   qodef-icon-medium\"  data-color=\"#f5031a\">\n                    <span aria-hidden=\"true\" class=\"qodef-icon-font-elegant icon_comment qodef-icon-element\" style=\"color: #f5031a;font-size:17px\" ><\/span>            <\/span>\n\t\t\t\t\t\t\t\t<\/a>\n\t\t\t<\/div>\n\t<div class=\"qodef-iwt-content\" >\n\t\t\t\t\t<h5 class=\"qodef-iwt-title\" style=\"color: #868585;margin-top: 6px\">\n\t\t\t\t\t\t\t\t\t<a itemprop=\"url\" href=\"http:\/\/kunictravelbl@gmail.com\" target=\"_self\">\n\t\t\t\t\t\t\t\t<span class=\"qodef-iwt-title-text\">kunictravelbl@gmail.com<\/span>\n\t\t\t\t\t\t\t\t\t<\/a>\n\t\t\t\t\t\t\t<\/h5>\n\t\t\t\t\t<\/div>\n<\/div><div class=\"vc_empty_space\"   style=\"height: 13px\"><span class=\"vc_empty_space_inner\"><\/span><\/div><div class=\"qodef-icon-list-holder\" >\n\t<div class=\"qodef-il-icon-holder\">\n\t\t<span aria-hidden=\"true\" class=\"qodef-icon-font-elegant icon_pin\" style=\"color: #f5031a;font-size: 17px\"><\/span>\t<\/div>\n\t<p class=\"qodef-il-text\" style=\"padding-left: 25px\">Jevrejska 50<\/p>\n<\/div><div class=\"vc_empty_space\"   style=\"height: 32px\"><span class=\"vc_empty_space_inner\"><\/span><\/div><\/div><\/div><\/div><div class=\"wpb_column vc_column_container vc_col-sm-6 vc_col-lg-3 vc_col-md-6 vc_col-xs-12\"><div class=\"vc_column-inner\"><div class=\"wpb_wrapper\"><\/div><\/div><\/div><\/div><\/div><\/div><div class=\"vc_row wpb_row vc_row-fluid\" ><div class=\"wpb_column vc_column_container vc_col-sm-12\"><div class=\"vc_column-inner\"><div class=\"wpb_wrapper\"><div class=\"qodef-video-button-holder\">\n\t<div class=\"qodef-video-button-image\" >\n\t\t<img decoding=\"async\" width=\"1920\" height=\"660\" src=\"https:\/\/kunictravel.com\/wp-content\/uploads\/2017\/09\/about-us-video-background-img-1.jpg\" class=\"attachment-full size-full\" alt=\"a\" srcset=\"https:\/\/kunictravel.com\/wp-content\/uploads\/2017\/09\/about-us-video-background-img-1.jpg 1920w, https:\/\/kunictravel.com\/wp-content\/uploads\/2017\/09\/about-us-video-background-img-1-600x206.jpg 600w, https:\/\/kunictravel.com\/wp-content\/uploads\/2017\/09\/about-us-video-background-img-1-300x103.jpg 300w, https:\/\/kunictravel.com\/wp-content\/uploads\/2017\/09\/about-us-video-background-img-1-1024x352.jpg 1024w, https:\/\/kunictravel.com\/wp-content\/uploads\/2017\/09\/about-us-video-background-img-1-768x264.jpg 768w, https:\/\/kunictravel.com\/wp-content\/uploads\/2017\/09\/about-us-video-background-img-1-1536x528.jpg 1536w\" sizes=\"(max-width: 1920px) 100vw, 1920px\" \/>\t<\/div>\n\t\t\t<a class=\"qodef-video-button-play\" href=\"https:\/\/vimeo.com\/53011823\" target=\"_self\" data-rel=\"prettyPhoto[video_button_pretty_photo_97]\">\n\t\t\t<span class=\"qodef-video-button-play-inner\">\n\t\t\t\t<span class=\"qodef-video-button-play-holder\" style=\"color: #000000\">\n\t\t\t\t\t<span class=\"arrow_triangle-right\"><\/span>\n\t\t\t\t<\/span>\n\t\t\t<\/span>\n\t\t<\/a>\n\t<\/div><\/div><\/div><\/div><\/div><div class=\"vc_row wpb_row vc_row-fluid change-background vc_custom_1506415631801\" style=\"background-color:#ffe500\"><div class=\"wpb_column vc_column_container vc_col-sm-12\"><div class=\"vc_column-inner\"><div class=\"wpb_wrapper\"><div class=\"qodef-row-grid-section-wrapper qodef-content-aligment-left\" ><div class=\"qodef-row-grid-section\"><div class=\"vc_row wpb_row vc_inner vc_row-fluid\" ><div class=\"wpb_column vc_column_container vc_col-sm-12\"><div class=\"vc_column-inner\"><div class=\"wpb_wrapper\"><div class=\"qodef-elements-holder   qodef-one-column  qodef-responsive-mode-768\" ><div class=\"qodef-eh-item\"  data-item-class=\"qodef-eh-custom-2939\" data-1024-1280=\"0 40% 0 0\" data-768-1024=\"0 35% 0 0\" data-680-768=\"0 20% 0 0\" data-680=\"0 10% 0 0\">\n\t<div class=\"qodef-eh-item-inner\">\n\t\t<div class=\"qodef-eh-item-content qodef-eh-custom-2939\" style=\"padding: 0 50% 0 0\">\n\t\t\t\n\t<div class=\"wpb_text_column wpb_content_element vc_custom_1505919652795\" >\n\t\t<div class=\"wpb_wrapper\">\n\t\t\t<h2><strong>Subscribe To<\/strong> The Newsletter<\/h2>\n\n\t\t<\/div>\n\t<\/div>\n\n<div class=\"wpcf7 no-js\" id=\"wpcf7-f771-o1\" lang=\"en-US\" dir=\"ltr\" data-wpcf7-id=\"771\">\n<div class=\"screen-reader-response\"><p role=\"status\" aria-live=\"polite\" aria-atomic=\"true\"><\/p> <ul><\/ul><\/div>\n<form action=\"\/en\/wp-json\/wp\/v2\/pages\/1060#wpcf7-f771-o1\" method=\"post\" class=\"wpcf7-form init cf7_custom_style_1\" aria-label=\"Contact form\" novalidate=\"novalidate\" data-status=\"init\" data-trp-original-action=\"\/en\/wp-json\/wp\/v2\/pages\/1060#wpcf7-f771-o1\">\n<fieldset class=\"hidden-fields-container\"><input type=\"hidden\" name=\"_wpcf7\" value=\"771\" \/><input type=\"hidden\" name=\"_wpcf7_version\" value=\"6.1.1\" \/><input type=\"hidden\" name=\"_wpcf7_locale\" value=\"en_US\" \/><input type=\"hidden\" name=\"_wpcf7_unit_tag\" value=\"wpcf7-f771-o1\" \/><input type=\"hidden\" name=\"_wpcf7_container_post\" value=\"0\" \/><input type=\"hidden\" name=\"_wpcf7_posted_data_hash\" value=\"\" \/>\n<\/fieldset>\n<div class=\"qodef-newsletter clearfix\">\n\t<p><span class=\"wpcf7-form-control-wrap\" data-name=\"your-email\"><input size=\"40\" maxlength=\"400\" class=\"wpcf7-form-control wpcf7-email wpcf7-validates-as-required wpcf7-text wpcf7-validates-as-email\" aria-required=\"true\" aria-invalid=\"false\" placeholder=\"Your Email...\" value=\"\" type=\"email\" name=\"your-email\" \/><\/span><input class=\"wpcf7-form-control wpcf7-submit has-spinner\" type=\"submit\" value=\"subscribe\" \/>\n\t<\/p>\n<\/div><div class=\"wpcf7-response-output\" aria-hidden=\"true\"><\/div>\n<input type=\"hidden\" name=\"trp-form-language\" value=\"en\"\/><\/form>\n<\/div>\n\t\t<\/div>\n\t<\/div>\n\t<\/div><\/div><\/div><\/div><\/div><\/div><\/div><\/div><\/div><\/div><\/div><\/div><div class=\"vc_row wpb_row vc_row-fluid vc_row-o-equal-height vc_row-o-content-middle vc_row-flex\" ><div class=\"wpb_column vc_column_container vc_col-sm-12 vc_col-lg-6 vc_col-md-12 vc_col-has-fill\"><div class=\"vc_column-inner vc_custom_1504798060255\"><div class=\"wpb_wrapper\"><div class=\"qodef-elements-holder   qodef-one-column  qodef-responsive-mode-768\" ><div class=\"qodef-eh-item   qodef-horizontal-alignment-center\"  data-item-class=\"qodef-eh-custom-7753\" data-1280-1600=\"2% 8% 8% 9%\" data-1024-1280=\"2% 4% 6% 6%\" data-768-1024=\"2% 0 6% 0\" data-680-768=\"2% 0 7%\" data-680=\"5% 0 18% 0\">\n\t<div class=\"qodef-eh-item-inner\">\n\t\t<div class=\"qodef-eh-item-content qodef-eh-custom-7753\" style=\"padding: 5% 9% 6%\">\n\t\t\t<div class=\"qodef-clients clearfix  qodef-clients-four-columns separator-disabled\">\n        <div class=\"qodef-client-holder qodef-clients-image-zoom\" >\n        <div class=\"qodef-client-holder-inner\">\n            <div class=\"qodef-client-image-holder\">\n                                <a href=\"#\" target=\"_self\">\n                                            <span class=\"qodef-client-image\">\n\t\t\t\t\t\t<img decoding=\"async\" src=\"https:\/\/kunictravel.com\/wp-content\/uploads\/2017\/08\/TOPBW.png\" alt=\"\"\/>\n\t\t\t\t\t<\/span>\n                                                    <span class=\"qodef-client-hover-image\">\n\t\t\t\t\t\t\t<img decoding=\"async\" src=\"https:\/\/kunictravel.com\/wp-content\/uploads\/2017\/08\/TOPD_COL.png\" alt=\"\"\/>\n\t\t\t\t\t\t<\/span>\n                                                                <\/a>\n                        <\/div>\n        <\/div>\n    <\/div>\n    <div class=\"qodef-client-holder qodef-clients-image-zoom\" >\n        <div class=\"qodef-client-holder-inner\">\n            <div class=\"qodef-client-image-holder\">\n                                <a href=\"#\" target=\"_self\">\n                                            <span class=\"qodef-client-image\">\n\t\t\t\t\t\t<img decoding=\"async\" src=\"https:\/\/kunictravel.com\/wp-content\/uploads\/2017\/09\/clients-2.png\" alt=\"\"\/>\n\t\t\t\t\t<\/span>\n                                                                <\/a>\n                        <\/div>\n        <\/div>\n    <\/div>\n    <div class=\"qodef-client-holder qodef-clients-image-zoom\" >\n        <div class=\"qodef-client-holder-inner\">\n            <div class=\"qodef-client-image-holder\">\n                                <a href=\"#\" target=\"_self\">\n                                            <span class=\"qodef-client-image\">\n\t\t\t\t\t\t<img decoding=\"async\" src=\"https:\/\/kunictravel.com\/wp-content\/uploads\/2017\/09\/clients-3.png\" alt=\"\"\/>\n\t\t\t\t\t<\/span>\n                                                                <\/a>\n                        <\/div>\n        <\/div>\n    <\/div>\n    <div class=\"qodef-client-holder qodef-clients-image-zoom\" >\n        <div class=\"qodef-client-holder-inner\">\n            <div class=\"qodef-client-image-holder\">\n                                <a href=\"#\" target=\"_self\">\n                                            <span class=\"qodef-client-image\">\n\t\t\t\t\t\t<img decoding=\"async\" src=\"https:\/\/kunictravel.com\/wp-content\/uploads\/2017\/09\/clients-4.png\" alt=\"\"\/>\n\t\t\t\t\t<\/span>\n                                                                <\/a>\n                        <\/div>\n        <\/div>\n    <\/div>\n    <div class=\"qodef-client-holder qodef-clients-image-zoom\" >\n        <div class=\"qodef-client-holder-inner\">\n            <div class=\"qodef-client-image-holder\">\n                                <a href=\"#\" target=\"_self\">\n                                            <span class=\"qodef-client-image\">\n\t\t\t\t\t\t<img decoding=\"async\" src=\"https:\/\/kunictravel.com\/wp-content\/uploads\/2017\/09\/clients-5.png\" alt=\"\"\/>\n\t\t\t\t\t<\/span>\n                                                                <\/a>\n                        <\/div>\n        <\/div>\n    <\/div>\n    <div class=\"qodef-client-holder qodef-clients-image-zoom\" >\n        <div class=\"qodef-client-holder-inner\">\n            <div class=\"qodef-client-image-holder\">\n                                <a href=\"#\" target=\"_self\">\n                                            <span class=\"qodef-client-image\">\n\t\t\t\t\t\t<img decoding=\"async\" src=\"https:\/\/kunictravel.com\/wp-content\/uploads\/2017\/09\/clients-6.png\" alt=\"\"\/>\n\t\t\t\t\t<\/span>\n                                                                <\/a>\n                        <\/div>\n        <\/div>\n    <\/div>\n    <div class=\"qodef-client-holder qodef-clients-image-zoom\" >\n        <div class=\"qodef-client-holder-inner\">\n            <div class=\"qodef-client-image-holder\">\n                                <a href=\"#\" target=\"_self\">\n                                            <span class=\"qodef-client-image\">\n\t\t\t\t\t\t<img decoding=\"async\" src=\"https:\/\/kunictravel.com\/wp-content\/uploads\/2017\/09\/clients-7.png\" alt=\"\"\/>\n\t\t\t\t\t<\/span>\n                                                                <\/a>\n                        <\/div>\n        <\/div>\n    <\/div>\n    <div class=\"qodef-client-holder qodef-clients-image-zoom\" >\n        <div class=\"qodef-client-holder-inner\">\n            <div class=\"qodef-client-image-holder\">\n                                <a href=\"#\" target=\"_self\">\n                                            <span class=\"qodef-client-image\">\n\t\t\t\t\t\t<img decoding=\"async\" src=\"https:\/\/kunictravel.com\/wp-content\/uploads\/2017\/09\/clients-8.png\" alt=\"\"\/>\n\t\t\t\t\t<\/span>\n                                                                <\/a>\n                        <\/div>\n        <\/div>\n    <\/div>\n<\/div>\n\t<div class=\"wpb_text_column wpb_content_element vc_custom_1504615745350\" >\n\t\t<div class=\"wpb_wrapper\">\n\t\t\t<p>Our Award Winning Expeditions<\/p>\n\n\t\t<\/div>\n\t<\/div>\n\t\t<\/div>\n\t<\/div>\n\t<\/div><\/div><\/div><\/div><\/div><div class=\"wpb_column vc_column_container vc_col-sm-12 vc_col-lg-6 vc_col-md-12 vc_col-has-fill\"><div class=\"vc_column-inner vc_custom_1504798066061\"><div class=\"wpb_wrapper\"><div class=\"qodef-elements-holder   qodef-one-column  qodef-responsive-mode-768\" ><div class=\"qodef-eh-item\"  data-item-class=\"qodef-eh-custom-1600\" data-1280-1600=\"0 0 7% 0\" data-768-1024=\"12% 0 15%\" data-680-768=\"16% 0 22%\" data-680=\"15% 0 25%\">\n\t<div class=\"qodef-eh-item-inner\">\n\t\t<div class=\"qodef-eh-item-content qodef-eh-custom-1600\" style=\"padding: 0 0 5% 0\">\n\t\t\t<div class=\"qodef-testimonials-holder qodef-testimonials-standard  clearfix\"><div class=\"qodef-testimonials qodef-owl-slider\" data-number-of-items=\"1\" data-enable-loop=\"yes\" data-enable-autoplay=\"yes\" data-slider-speed=\"5000\" data-slider-speed-animation=\"600\" data-enable-navigation=\"yes\" data-enable-pagination=\"no\"><div class=\"qodef-testimonial-content\" id=\"qodef-testimonials-1008\">\n\t<div class=\"qodef-testimonial-text-holder\">\n\t\t\t\t\t\t\t<h3 class=\"qodef-testimonial-text\">Sve pohvale, zaista. Sjajna organizacija, i \u0161to je najva\u017enije, komfor u autobusu \u0161to je za nas od 2m visine ponekad vrlo bitno \ud83d\ude42<\/h3>\n\t\t\t\t\t\t\t<p class=\"qodef-testimonial-author\">\n                <span class=\"qodef-testimonial-author-prefix\">By<\/span>\n\t\t\t\t<span class=\"qodef-testimonials-author-name\">Dejan Marjanovi\u0107<\/span>\n\t\t\t<\/p>\n\t\t\t<\/div>\n<\/div><div class=\"qodef-testimonial-content\" id=\"qodef-testimonials-1007\">\n\t<div class=\"qodef-testimonial-text-holder\">\n\t\t\t\t\t\t\t<h3 class=\"qodef-testimonial-text\">Sve preporuke. Kao turisti\u010dki radnik, moji kriterijumi su prili\u010dno visoki, ali uz Kuni\u0107 Travel svi su ispunjeni. Pet zvjezdica od mene, zaslu\u017eeno!<\/h3>\n\t\t\t\t\t\t\t<p class=\"qodef-testimonial-author\">\n                <span class=\"qodef-testimonial-author-prefix\">By<\/span>\n\t\t\t\t<span class=\"qodef-testimonials-author-name\">Sla\u0111ana Jovi\u0107<\/span>\n\t\t\t<\/p>\n\t\t\t<\/div>\n<\/div><\/div><\/div>\t\t<\/div>\n\t<\/div>\n\t<\/div><\/div><\/div><\/div><\/div><\/div>\n<\/div>","protected":false},"excerpt":{"rendered":"","protected":false},"author":1,"featured_media":0,"parent":0,"menu_order":0,"comment_status":"closed","ping_status":"closed","template":"full-width.php","meta":{"footnotes":""},"class_list":["post-1060","page","type-page","status-publish","hentry"],"_links":{"self":[{"href":"https:\/\/kunictravel.com\/en\/wp-json\/wp\/v2\/pages\/1060","targetHints":{"allow":["GET"]}}],"collection":[{"href":"https:\/\/kunictravel.com\/en\/wp-json\/wp\/v2\/pages"}],"about":[{"href":"https:\/\/kunictravel.com\/en\/wp-json\/wp\/v2\/types\/page"}],"author":[{"embeddable":true,"href":"https:\/\/kunictravel.com\/en\/wp-json\/wp\/v2\/users\/1"}],"replies":[{"embeddable":true,"href":"https:\/\/kunictravel.com\/en\/wp-json\/wp\/v2\/comments?post=1060"}],"version-history":[{"count":14,"href":"https:\/\/kunictravel.com\/en\/wp-json\/wp\/v2\/pages\/1060\/revisions"}],"predecessor-version":[{"id":3651,"href":"https:\/\/kunictravel.com\/en\/wp-json\/wp\/v2\/pages\/1060\/revisions\/3651"}],"wp:attachment":[{"href":"https:\/\/kunictravel.com\/en\/wp-json\/wp\/v2\/media?parent=1060"}],"curies":[{"name":"wp","href":"https:\/\/api.w.org\/{rel}","templated":true}]}}