{"id":225,"date":"2017-08-25T11:27:29","date_gmt":"2017-08-25T11:27:29","guid":{"rendered":"https:\/\/getaway.qodeinteractive.com\/?page_id=225"},"modified":"2023-04-05T07:21:13","modified_gmt":"2023-04-05T07:21:13","slug":"destinacije","status":"publish","type":"page","link":"https:\/\/kunictravel.com\/en\/destinacije\/","title":{"rendered":"Destinacije"},"content":{"rendered":"<div class=\"wpb-content-wrapper\"><div class=\"qodef-row-grid-section-wrapper qodef-content-aligment-left\"  ><div class=\"qodef-row-grid-section\"><div class=\"vc_row wpb_row vc_row-fluid vc_custom_1506067941398\" ><div class=\"wpb_column vc_column_container vc_col-sm-12\"><div class=\"vc_column-inner vc_custom_1503664299442\"><div class=\"wpb_wrapper\"><div class=\"qodef-elements-holder   qodef-one-column  qodef-responsive-mode-768\" ><div class=\"qodef-eh-item\"  data-item-class=\"qodef-eh-custom-9523\" data-1024-1280=\"0 42% 0 0\" data-768-1024=\"0 15% 0 0\" data-680-768=\"0 0\" data-680=\"0 0\">\n\t<div class=\"qodef-eh-item-inner\">\n\t\t<div class=\"qodef-eh-item-content qodef-eh-custom-9523\" style=\"padding: 0 50% 0 0\">\n\t\t\t<div class=\"qodef-section-title-holder  qodef-st-standard qodef-st-title-left qodef-st-normal-space  qodef-st-with-border\" style=\"text-align: left\">\n\t<div class=\"qodef-st-inner\">\n\t\t\t\t\t<h2 class=\"qodef-st-title\" >\n\t\t\t\t<span class=\"qodef-st-title-bold\">Destinacije<\/span> sa svih svjetskih<br \/> meridijana <span class=\"qodef-st-title-bold\">u<\/span> <span class=\"qodef-st-title-bold\">Kuni\u0107<\/span> <span class=\"qodef-st-title-bold\">Travel<\/span> ponudi\t\t\t<\/h2>\n\t\t\t\t\t\t\t<h5 class=\"qodef-st-text\" >\n\t\t\t\tBri\u017eljivo biramo mjesta na koja vas vodimo. Za sve prilike, za sva godi\u0161nja doba, za sva\u010diji bud\u017eet...\t\t\t<\/h5>\n\t\t\t<\/div>\n<\/div>\t\t<\/div>\n\t<\/div>\n\t<\/div><\/div><\/div><\/div><\/div><\/div><\/div><\/div><div class=\"vc_row wpb_row vc_row-fluid vc_custom_1503664422086 vc_row-has-fill\" ><div class=\"wpb_column vc_column_container vc_col-sm-12\"><div class=\"vc_column-inner vc_custom_1503664328753\"><div class=\"wpb_wrapper\"><div class=\"qodef-tours-destination-grid\">\n\t\t\t<div class=\"qodef-tours-destination-holder qodef-tours-row qodef-tr-tiny-space qodef-tours-columns-4 qodef-dg-light-skin\">\n\t        <div class=\"qodef-tours-row-inner-holder\">\n\t\t\t\t\t\t\t\t\t\n\t\t\t\t\t\t\t\t\t\t\t<div class=\"qodef-tours-destination-grid-item qodef-tours-row-item post-182 destinations type-destinations status-publish has-post-thumbnail hentry\">\n\t\t\t\t\t\t\t<div class=\"qodef-tours-destination-item-holder\">\n\t\t\t\t\t\t\t\t<a href=\"https:\/\/kunictravel.com\/en\/destinations\/malta\/\">\n\t\t\t\t\t\t\t\t\t<div class=\"qodef-tours-destination-item-image\">\n\t\t\t\t\t\t\t\t\t\t<img decoding=\"async\" width=\"1100\" height=\"1100\" src=\"https:\/\/kunictravel.com\/wp-content\/uploads\/2017\/08\/destinations-1-img-1.jpg\" class=\"attachment-full size-full wp-post-image\" alt=\"Malta\" srcset=\"https:\/\/kunictravel.com\/wp-content\/uploads\/2017\/08\/destinations-1-img-1.jpg 1100w, https:\/\/kunictravel.com\/wp-content\/uploads\/2017\/08\/destinations-1-img-1-300x300.jpg 300w, https:\/\/kunictravel.com\/wp-content\/uploads\/2017\/08\/destinations-1-img-1-100x100.jpg 100w, https:\/\/kunictravel.com\/wp-content\/uploads\/2017\/08\/destinations-1-img-1-600x600.jpg 600w, https:\/\/kunictravel.com\/wp-content\/uploads\/2017\/08\/destinations-1-img-1-1024x1024.jpg 1024w, https:\/\/kunictravel.com\/wp-content\/uploads\/2017\/08\/destinations-1-img-1-150x150.jpg 150w, https:\/\/kunictravel.com\/wp-content\/uploads\/2017\/08\/destinations-1-img-1-768x768.jpg 768w, https:\/\/kunictravel.com\/wp-content\/uploads\/2017\/08\/destinations-1-img-1-550x550.jpg 550w\" sizes=\"(max-width: 1100px) 100vw, 1100px\" \/>\t\t\t\t\t\t\t\t\t<\/div>\n\n\t\t\t\t\t\t\t\t\t<div class=\"qodef-tours-destination-item-content\">\n\t\t\t\t\t\t\t\t\t\t<div class=\"qodef-tours-destination-item-content-inner\">\n\t\t\t\t\t\t\t\t\t\t\t<h2 class=\"qodef-tours-destination-item-title\">Malta<\/h2>\n\t\t\t\t\t\t\t\t\t\t<\/div>\n\t\t\t\t\t\t\t\t\t<\/div>\n\t\t\t\t\t\t\t\t<\/a>\n\t\t\t\t\t\t\t<\/div>\n\t\t\t\t\t\t<\/div>\n\t\t\t\t\t\t\t\t\t\t\t\t\t\t\n\t\t\t\t\t\t\t\t\t\t\t<div class=\"qodef-tours-destination-grid-item qodef-tours-row-item post-184 destinations type-destinations status-publish has-post-thumbnail hentry\">\n\t\t\t\t\t\t\t<div class=\"qodef-tours-destination-item-holder\">\n\t\t\t\t\t\t\t\t<a href=\"https:\/\/kunictravel.com\/en\/destinations\/grcka\/\">\n\t\t\t\t\t\t\t\t\t<div class=\"qodef-tours-destination-item-image\">\n\t\t\t\t\t\t\t\t\t\t<img decoding=\"async\" width=\"1100\" height=\"1100\" src=\"https:\/\/kunictravel.com\/wp-content\/uploads\/2017\/08\/destinations-1-img-2.jpg\" class=\"attachment-full size-full wp-post-image\" alt=\"a\" srcset=\"https:\/\/kunictravel.com\/wp-content\/uploads\/2017\/08\/destinations-1-img-2.jpg 1100w, https:\/\/kunictravel.com\/wp-content\/uploads\/2017\/08\/destinations-1-img-2-300x300.jpg 300w, https:\/\/kunictravel.com\/wp-content\/uploads\/2017\/08\/destinations-1-img-2-100x100.jpg 100w, https:\/\/kunictravel.com\/wp-content\/uploads\/2017\/08\/destinations-1-img-2-600x600.jpg 600w, https:\/\/kunictravel.com\/wp-content\/uploads\/2017\/08\/destinations-1-img-2-1024x1024.jpg 1024w, https:\/\/kunictravel.com\/wp-content\/uploads\/2017\/08\/destinations-1-img-2-150x150.jpg 150w, https:\/\/kunictravel.com\/wp-content\/uploads\/2017\/08\/destinations-1-img-2-768x768.jpg 768w, https:\/\/kunictravel.com\/wp-content\/uploads\/2017\/08\/destinations-1-img-2-550x550.jpg 550w\" sizes=\"(max-width: 1100px) 100vw, 1100px\" \/>\t\t\t\t\t\t\t\t\t<\/div>\n\n\t\t\t\t\t\t\t\t\t<div class=\"qodef-tours-destination-item-content\">\n\t\t\t\t\t\t\t\t\t\t<div class=\"qodef-tours-destination-item-content-inner\">\n\t\t\t\t\t\t\t\t\t\t\t<h2 class=\"qodef-tours-destination-item-title\">Gr\u010dka<\/h2>\n\t\t\t\t\t\t\t\t\t\t<\/div>\n\t\t\t\t\t\t\t\t\t<\/div>\n\t\t\t\t\t\t\t\t<\/a>\n\t\t\t\t\t\t\t<\/div>\n\t\t\t\t\t\t<\/div>\n\t\t\t\t\t\t\t\t\t\t\t\t\t\t\n\t\t\t\t\t\t\t\t\t\t\t\t\t\t\n\t\t\t\t\t\t\t\t\t\t\t\t\t\t\n\t\t\t\t\t\t\t\t\t\t\t\t\t\t\n\t\t\t\t\t\t\t\t\t\t\t<div class=\"qodef-tours-destination-grid-item qodef-tours-row-item post-189 destinations type-destinations status-publish has-post-thumbnail hentry\">\n\t\t\t\t\t\t\t<div class=\"qodef-tours-destination-item-holder\">\n\t\t\t\t\t\t\t\t<a href=\"https:\/\/kunictravel.com\/en\/destinations\/slovenija\/\">\n\t\t\t\t\t\t\t\t\t<div class=\"qodef-tours-destination-item-image\">\n\t\t\t\t\t\t\t\t\t\t<img decoding=\"async\" width=\"1100\" height=\"1100\" src=\"https:\/\/kunictravel.com\/wp-content\/uploads\/2017\/08\/destinations-1-img-6.jpg\" class=\"attachment-full size-full wp-post-image\" alt=\"a\" srcset=\"https:\/\/kunictravel.com\/wp-content\/uploads\/2017\/08\/destinations-1-img-6.jpg 1100w, https:\/\/kunictravel.com\/wp-content\/uploads\/2017\/08\/destinations-1-img-6-300x300.jpg 300w, https:\/\/kunictravel.com\/wp-content\/uploads\/2017\/08\/destinations-1-img-6-100x100.jpg 100w, https:\/\/kunictravel.com\/wp-content\/uploads\/2017\/08\/destinations-1-img-6-600x600.jpg 600w, https:\/\/kunictravel.com\/wp-content\/uploads\/2017\/08\/destinations-1-img-6-1024x1024.jpg 1024w, https:\/\/kunictravel.com\/wp-content\/uploads\/2017\/08\/destinations-1-img-6-150x150.jpg 150w, https:\/\/kunictravel.com\/wp-content\/uploads\/2017\/08\/destinations-1-img-6-768x768.jpg 768w, https:\/\/kunictravel.com\/wp-content\/uploads\/2017\/08\/destinations-1-img-6-550x550.jpg 550w\" sizes=\"(max-width: 1100px) 100vw, 1100px\" \/>\t\t\t\t\t\t\t\t\t<\/div>\n\n\t\t\t\t\t\t\t\t\t<div class=\"qodef-tours-destination-item-content\">\n\t\t\t\t\t\t\t\t\t\t<div class=\"qodef-tours-destination-item-content-inner\">\n\t\t\t\t\t\t\t\t\t\t\t<h2 class=\"qodef-tours-destination-item-title\">Slovenija<\/h2>\n\t\t\t\t\t\t\t\t\t\t<\/div>\n\t\t\t\t\t\t\t\t\t<\/div>\n\t\t\t\t\t\t\t\t<\/a>\n\t\t\t\t\t\t\t<\/div>\n\t\t\t\t\t\t<\/div>\n\t\t\t\t\t\t\t\t\t\t\t\t\t\t\n\t\t\t\t\t\t\t\t\t\t\t\t\t\t\n\t\t\t\t\t\t\t\t\t\t\t\t\t\t\n\t\t\t\t\t\t\t\t\t\t\t\t\t\t\n\t\t\t\t\t\t\t\t\t\t\t\t\t\t\n\t\t\t\t\t\t\t\t\t\t\t\t\t\t\n\t\t\t\t\t\t\t\t\t\t\t\t<\/div>\n\t\t<\/div>\n\n\t\t\n\t<\/div><\/div><\/div><\/div><\/div>\n<\/div>","protected":false},"excerpt":{"rendered":"Za\u010dinjeni Maroko Izgubite se u medinama Marake\u0161a, Feza i \u0160ef\u0161auena Legendarni Crveni grad Marake\u0161 je senzorno preoptere\u0107enje prizora, zvukova i mirisa. Njegova drevna medina je lavirint uskih ulica sa Djemaa El Fna \u2013 vjerovatno najpoznatijim afri\u010dkim trgom \u2013 u srcu, [...]","protected":false},"author":1,"featured_media":0,"parent":0,"menu_order":0,"comment_status":"closed","ping_status":"closed","template":"full-width.php","meta":{"footnotes":""},"class_list":["post-225","page","type-page","status-publish","hentry"],"_links":{"self":[{"href":"https:\/\/kunictravel.com\/en\/wp-json\/wp\/v2\/pages\/225","targetHints":{"allow":["GET"]}}],"collection":[{"href":"https:\/\/kunictravel.com\/en\/wp-json\/wp\/v2\/pages"}],"about":[{"href":"https:\/\/kunictravel.com\/en\/wp-json\/wp\/v2\/types\/page"}],"author":[{"embeddable":true,"href":"https:\/\/kunictravel.com\/en\/wp-json\/wp\/v2\/users\/1"}],"replies":[{"embeddable":true,"href":"https:\/\/kunictravel.com\/en\/wp-json\/wp\/v2\/comments?post=225"}],"version-history":[{"count":4,"href":"https:\/\/kunictravel.com\/en\/wp-json\/wp\/v2\/pages\/225\/revisions"}],"predecessor-version":[{"id":3373,"href":"https:\/\/kunictravel.com\/en\/wp-json\/wp\/v2\/pages\/225\/revisions\/3373"}],"wp:attachment":[{"href":"https:\/\/kunictravel.com\/en\/wp-json\/wp\/v2\/media?parent=225"}],"curies":[{"name":"wp","href":"https:\/\/api.w.org\/{rel}","templated":true}]}}